{"id":1027,"date":"2016-08-09T16:07:16","date_gmt":"2016-08-09T14:07:16","guid":{"rendered":"http:\/\/www.engelsastro.com\/?page_id=1027"},"modified":"2016-08-09T16:13:49","modified_gmt":"2016-08-09T14:13:49","slug":"boka-om-troa","status":"publish","type":"page","link":"https:\/\/www.engelsastro.com\/?page_id=1027","title":{"rendered":"Boka om Tr\u00f8a"},"content":{"rendered":"<p><a href=\"http:\/\/cyber.engelsastro.com\/wp-content\/uploads\/2016\/08\/Boka-om-Tr\u00f8a-og-min-oppvekst-der.pdf\">Boka om Tr\u00f8a og min oppvekst der<\/a><\/p>\n<p>Dette er boka jeg har skrevet om folkene p\u00e5 Tr\u00f8a og hvordan det var \u00e5 vokse opp p\u00e5 en liten g\u00e5rd i Tr\u00f8ndelag p\u00e5 50-tallet.<\/p>\n<p>Klikk p\u00e5 lenken og last ned boka som er i PDF-format.<\/p>\n","protected":false},"excerpt":{"rendered":"<p>Boka om Tr\u00f8a og min oppvekst der Dette er boka jeg har skrevet om folkene p\u00e5 Tr\u00f8a og hvordan det var \u00e5 vokse opp p\u00e5 en liten g\u00e5rd i Tr\u00f8ndelag p\u00e5 50-tallet. Klikk p\u00e5 lenken og last ned boka som er i PDF-format.<\/p>\n","protected":false},"author":1,"featured_media":0,"parent":0,"menu_order":0,"comment_status":"closed","ping_status":"closed","template":"","meta":{"ngg_post_thumbnail":0},"_links":{"self":[{"href":"https:\/\/www.engelsastro.com\/index.php?rest_route=\/wp\/v2\/pages\/1027"}],"collection":[{"href":"https:\/\/www.engelsastro.com\/index.php?rest_route=\/wp\/v2\/pages"}],"about":[{"href":"https:\/\/www.engelsastro.com\/index.php?rest_route=\/wp\/v2\/types\/page"}],"author":[{"embeddable":true,"href":"https:\/\/www.engelsastro.com\/index.php?rest_route=\/wp\/v2\/users\/1"}],"replies":[{"embeddable":true,"href":"https:\/\/www.engelsastro.com\/index.php?rest_route=%2Fwp%2Fv2%2Fcomments&post=1027"}],"version-history":[{"count":5,"href":"https:\/\/www.engelsastro.com\/index.php?rest_route=\/wp\/v2\/pages\/1027\/revisions"}],"predecessor-version":[{"id":1033,"href":"https:\/\/www.engelsastro.com\/index.php?rest_route=\/wp\/v2\/pages\/1027\/revisions\/1033"}],"wp:attachment":[{"href":"https:\/\/www.engelsastro.com\/index.php?rest_route=%2Fwp%2Fv2%2Fmedia&parent=1027"}],"curies":[{"name":"wp","href":"https:\/\/api.w.org\/{rel}","templated":true}]}}